{"id":9722,"date":"2016-05-13T07:28:19","date_gmt":"2016-05-13T07:28:19","guid":{"rendered":"http:\/\/firefly.evatheme.com\/demo8\/?page_id=9722"},"modified":"2018-03-20T16:21:24","modified_gmt":"2018-03-20T15:21:24","slug":"apropos","status":"publish","type":"page","link":"https:\/\/marielauremarciano.com\/mariage\/apropos\/","title":{"rendered":"A Propos"},"content":{"rendered":"<section class=\"wpb-content-wrapper\"><p>[vc_row css=\u00a0\u00bb.vc_custom_1463127016407{margin-top: 0px !important;margin-bottom: 0px !important;}\u00a0\u00bb][vc_column]<link href=\"https:\/\/fonts.googleapis.com\/css?family=Roboto+Condensed:300|Open+Sans:700\" rel=\"stylesheet\" property=\"stylesheet\" type=\"text\/css\" media=\"all\">\n<div id=\"rev_slider_1_1_wrapper\" class=\"rev_slider_wrapper fullscreen-container\" data-source=\"gallery\" style=\"background:transparent;padding:0px;\">\n<!-- START REVOLUTION SLIDER 5.4.1 fullscreen mode -->\n\t<div id=\"rev_slider_1_1\" class=\"rev_slider fullscreenbanner\" style=\"display:none;\" data-version=\"5.4.1\">\n<ul>\t<!-- SLIDE  -->\n\t<li data-index=\"rs-1\" data-transition=\"fade\" data-slotamount=\"default\" data-hideafterloop=\"0\" data-hideslideonmobile=\"off\"  data-easein=\"default\" data-easeout=\"default\" data-masterspeed=\"300\"  data-thumb=\"https:\/\/marielauremarciano.com\/mariage\/wp-content\/uploads\/2017\/10\/IMG_4769-100x50.jpg\"  data-delay=\"5000\"  data-rotate=\"0\"  data-saveperformance=\"off\"  data-title=\"Slide\" data-param1=\"\" data-param2=\"\" data-param3=\"\" data-param4=\"\" data-param5=\"\" data-param6=\"\" data-param7=\"\" data-param8=\"\" data-param9=\"\" data-param10=\"\" data-description=\"\">\n\t\t<!-- MAIN IMAGE -->\n\t\t<img src=\"https:\/\/marielauremarciano.com\/mariage\/wp-content\/uploads\/2017\/10\/IMG_4769.jpg\"  alt=\"\" title=\"IMG_4769\"  width=\"1575\" height=\"1050\" data-bgposition=\"center center\" data-kenburns=\"on\" data-duration=\"10000\" data-ease=\"Linear.easeNone\" data-scalestart=\"100\" data-scaleend=\"120\" data-rotatestart=\"0\" data-rotateend=\"0\" data-blurstart=\"0\" data-blurend=\"0\" data-offsetstart=\"0 0\" data-offsetend=\"0 0\" data-bgparallax=\"8\" class=\"rev-slidebg\" data-no-retina>\n\t\t<!-- LAYERS -->\n\n\t\t<!-- LAYER NR. 1 -->\n\t\t<div class=\"tp-caption   tp-resizeme\" \n\t\t\t id=\"slide-1-layer-1\" \n\t\t\t data-x=\"['center','center','center','center']\" data-hoffset=\"['1','0','0','0']\" \n\t\t\t data-y=\"['middle','middle','middle','middle']\" data-voffset=\"['0','0','0','0']\" \n\t\t\t\t\t\tdata-letterspacing=\"['0','','','']\"\n\t\t\tdata-width=\"['368','none','none','none']\"\n\t\t\tdata-height=\"['93','none','none','none']\"\n\t\t\tdata-whitespace=\"['normal','nowrap','nowrap','nowrap']\"\n \n\t\t\tdata-type=\"text\" \n\t\t\tdata-responsive_offset=\"on\" \n\n\t\t\tdata-frames='[{\"delay\":500,\"speed\":1500,\"frame\":\"0\",\"from\":\"x:[-100%];z:0;rX:0deg;rY:0;rZ:0;sX:1;sY:1;skX:0;skY:0;\",\"mask\":\"x:0px;y:0px;s:inherit;e:inherit;\",\"to\":\"o:1;\",\"ease\":\"Power3.easeInOut\"},{\"delay\":\"+2960\",\"speed\":1000,\"frame\":\"999\",\"to\":\"x:[-100%];\",\"mask\":\"x:inherit;y:inherit;s:inherit;e:inherit;\",\"ease\":\"Power3.easeInOut\"}]'\n\t\t\tdata-textAlign=\"['center','center','center','center']\"\n\t\t\tdata-paddingtop=\"[0,0,0,0]\"\n\t\t\tdata-paddingright=\"[0,0,0,0]\"\n\t\t\tdata-paddingbottom=\"[0,0,0,0]\"\n\t\t\tdata-paddingleft=\"[0,0,0,0]\"\n\n\t\t\tstyle=\"z-index: 5; min-width: 368px; max-width: 368px; max-width: 93px; max-width: 93px; white-space: normal; font-size: 82px; line-height: 92px; font-weight: 300; color: rgba(255,255,255,1); letter-spacing: 0px;font-family:Roboto Condensed;\">A PROPOS <\/div>\n\n\t\t<!-- LAYER NR. 2 -->\n\t\t<div class=\"tp-caption rev-scroll-btn \" \n\t\t\t id=\"slide-1-layer-7\" \n\t\t\t data-x=\"['center','center','center','center']\" data-hoffset=\"['0','0','0','0']\" \n\t\t\t data-y=\"['bottom','bottom','bottom','bottom']\" data-voffset=\"['20','20','20','20']\" \n\t\t\t\t\t\tdata-width=\"['30','30','35','35']\"\n\t\t\tdata-height=\"55\"\n\t\t\tdata-whitespace=\"nowrap\"\n \n\t\t\tdata-type=\"button\" \n\t\t\tdata-responsive_offset=\"on\" \n\t\t\tdata-responsive=\"off\"\n\t\t\tdata-frames='[{\"delay\":2630,\"speed\":300,\"frame\":\"0\",\"from\":\"opacity:0;\",\"to\":\"o:1;\",\"ease\":\"Power3.easeInOut\"},{\"delay\":\"+2030\",\"speed\":300,\"frame\":\"999\",\"to\":\"opacity:0;\",\"ease\":\"Power3.easeInOut\"}]'\n\t\t\tdata-textAlign=\"['center','center','center','center']\"\n\t\t\tdata-paddingtop=\"[0,0,0,0]\"\n\t\t\tdata-paddingright=\"[0,0,0,0]\"\n\t\t\tdata-paddingbottom=\"[0,0,0,0]\"\n\t\t\tdata-paddingleft=\"[0,0,0,0]\"\n\n\t\t\tstyle=\"z-index: 7; min-width: 30px; max-width: 30px; max-width: 55px; max-width: 55px; white-space: nowrap; font-size: px; line-height: px; font-weight: 700; color: transparent; letter-spacing: px;font-family:Open Sans;border-color:rgb(255, 255, 255);border-style:dotted;border-width:2px 2px 2px 2px;border-radius:25px 25px 25px 25px;box-sizing:border-box;-moz-box-sizing:border-box;-webkit-box-sizing:border-box;cursor:pointer;\">\t\t\t\t\t\t\t\n\t\t\t\t\t\t\t<span>\n\t\t\t\t\t\t\t<\/span>\t\t\t\t\t\t\t\n\t\t\t\t\t\t <\/div>\n\n\t\t<!-- LAYER NR. 3 -->\n\t\t<div class=\"tp-caption tp-shape tp-shapewrapper  tp-resizeme\" \n\t\t\t id=\"slide-1-layer-9\" \n\t\t\t data-x=\"['center','center','center','center']\" data-hoffset=\"['0','0','0','0']\" \n\t\t\t data-y=\"['middle','middle','middle','middle']\" data-voffset=\"['100','100','100','100']\" \n\t\t\t\t\t\tdata-width=\"200\"\n\t\t\tdata-height=\"1\"\n\t\t\tdata-whitespace=\"nowrap\"\n \n\t\t\tdata-type=\"shape\" \n\t\t\tdata-responsive_offset=\"on\" \n\n\t\t\tdata-frames='[{\"delay\":1680,\"speed\":1000,\"frame\":\"0\",\"from\":\"x:[-100%];z:0;rX:0deg;rY:0;rZ:0;sX:1;sY:1;skX:0;skY:0;\",\"mask\":\"x:0px;y:0px;s:inherit;e:inherit;\",\"to\":\"o:1;\",\"ease\":\"Power3.easeInOut\"},{\"delay\":\"+2280\",\"speed\":1000,\"frame\":\"999\",\"to\":\"opacity:0;\",\"ease\":\"Power3.easeInOut\"}]'\n\t\t\tdata-textAlign=\"['inherit','inherit','inherit','inherit']\"\n\t\t\tdata-paddingtop=\"[0,0,0,0]\"\n\t\t\tdata-paddingright=\"[0,0,0,0]\"\n\t\t\tdata-paddingbottom=\"[0,0,0,0]\"\n\t\t\tdata-paddingleft=\"[0,0,0,0]\"\n\n\t\t\tstyle=\"z-index: 8;background-color:rgba(255, 255, 255, 0.5);\"> <\/div>\n\t<\/li>\n<\/ul>\n<div class=\"tp-bannertimer tp-bottom\" style=\"visibility: hidden !important;\"><\/div>\t<\/div>\n<script>var htmlDiv = document.getElementById(\"rs-plugin-settings-inline-css\"); var htmlDivCss=\"\";\r\n\t\t\t\tif(htmlDiv) {\r\n\t\t\t\t\thtmlDiv.innerHTML = htmlDiv.innerHTML + htmlDivCss;\r\n\t\t\t\t}else{\r\n\t\t\t\t\tvar htmlDiv = document.createElement(\"div\");\r\n\t\t\t\t\thtmlDiv.innerHTML = \"<style>\" + htmlDivCss + \"<\/style>\";\r\n\t\t\t\t\tdocument.getElementsByTagName(\"head\")[0].appendChild(htmlDiv.childNodes[0]);\r\n\t\t\t\t}\r\n\t\t\t<\/script>\n\t\t<script type=\"text\/javascript\">\r\n\t\t\t\t\t\t\/******************************************\r\n\t\t\t\t-\tPREPARE PLACEHOLDER FOR SLIDER\t-\r\n\t\t\t******************************************\/\r\n\r\n\t\t\tvar setREVStartSize=function(){\r\n\t\t\t\ttry{var e=new Object,i=jQuery(window).width(),t=9999,r=0,n=0,l=0,f=0,s=0,h=0;\r\n\t\t\t\t\te.c = jQuery('#rev_slider_1_1');\r\n\t\t\t\t\te.responsiveLevels = [1240,1024,778,480];\r\n\t\t\t\t\te.gridwidth = [1170,1024,778,480];\r\n\t\t\t\t\te.gridheight = [770,768,960,720];\r\n\t\t\t\t\t\t\t\r\n\t\t\t\t\te.sliderLayout = \"fullscreen\";\r\n\t\t\t\t\te.fullScreenAutoWidth='off';\r\n\t\t\t\t\te.fullScreenAlignForce='off';\r\n\t\t\t\t\te.fullScreenOffsetContainer= '';\r\n\t\t\t\t\te.fullScreenOffset='';\r\n\t\t\t\t\tif(e.responsiveLevels&&(jQuery.each(e.responsiveLevels,function(e,f){f>i&&(t=r=f,l=e),i>f&&f>r&&(r=f,n=e)}),t>r&&(l=n)),f=e.gridheight[l]||e.gridheight[0]||e.gridheight,s=e.gridwidth[l]||e.gridwidth[0]||e.gridwidth,h=i\/s,h=h>1?1:h,f=Math.round(h*f),\"fullscreen\"==e.sliderLayout){var u=(e.c.width(),jQuery(window).height());if(void 0!=e.fullScreenOffsetContainer){var c=e.fullScreenOffsetContainer.split(\",\");if (c) jQuery.each(c,function(e,i){u=jQuery(i).length>0?u-jQuery(i).outerHeight(!0):u}),e.fullScreenOffset.split(\"%\").length>1&&void 0!=e.fullScreenOffset&&e.fullScreenOffset.length>0?u-=jQuery(window).height()*parseInt(e.fullScreenOffset,0)\/100:void 0!=e.fullScreenOffset&&e.fullScreenOffset.length>0&&(u-=parseInt(e.fullScreenOffset,0))}f=u}else void 0!=e.minHeight&&f<e.minHeight&&(f=e.minHeight);e.c.closest(\".rev_slider_wrapper\").css({height:f})\r\n\t\t\t\t\t\r\n\t\t\t\t}catch(d){console.log(\"Failure at Presize of Slider:\"+d)}\r\n\t\t\t};\r\n\t\t\t\r\n\t\t\tsetREVStartSize();\r\n\t\t\t\r\n\t\t\t\t\t\tvar tpj=jQuery;\r\n\t\t\t\r\n\t\t\tvar revapi1;\r\n\t\t\ttpj(document).ready(function() {\n\t\t\t\tif(tpj(\"#rev_slider_1_1\").revolution == undefined){\n\t\t\t\t\trevslider_showDoubleJqueryError(\"#rev_slider_1_1\");\n\t\t\t\t}else{\n\t\t\t\t\trevapi1 = tpj(\"#rev_slider_1_1\").show().revolution({\n\t\t\t\t\t\tsliderType:\"hero\",\njsFileLocation:\"\/\/marielauremarciano.com\/mariage\/wp-content\/plugins\/revslider\/public\/assets\/js\/\",\n\t\t\t\t\t\tsliderLayout:\"fullscreen\",\n\t\t\t\t\t\tdottedOverlay:\"none\",\n\t\t\t\t\t\tdelay:9000,\n\t\t\t\t\t\tnavigation: {\n\t\t\t\t\t\t},\n\t\t\t\t\t\tresponsiveLevels:[1240,1024,778,480],\n\t\t\t\t\t\tvisibilityLevels:[1240,1024,778,480],\n\t\t\t\t\t\tgridwidth:[1170,1024,778,480],\n\t\t\t\t\t\tgridheight:[770,768,960,720],\n\t\t\t\t\t\tlazyType:\"none\",\n\t\t\t\t\t\tparallax: {\n\t\t\t\t\t\t\ttype:\"mouse\",\n\t\t\t\t\t\t\torigo:\"enterpoint\",\n\t\t\t\t\t\t\tspeed:400,\n\t\t\t\t\t\t\tlevels:[5,10,15,20,25,30,35,40,45,46,47,48,49,50,51,55],\n\t\t\t\t\t\t},\n\t\t\t\t\t\tshadow:0,\n\t\t\t\t\t\tspinner:\"spinner4\",\n\t\t\t\t\t\tautoHeight:\"off\",\n\t\t\t\t\t\tfullScreenAutoWidth:\"off\",\n\t\t\t\t\t\tfullScreenAlignForce:\"off\",\n\t\t\t\t\t\tfullScreenOffsetContainer: \"\",\n\t\t\t\t\t\tfullScreenOffset: \"\",\n\t\t\t\t\t\tdisableProgressBar:\"on\",\n\t\t\t\t\t\thideThumbsOnMobile:\"off\",\n\t\t\t\t\t\thideSliderAtLimit:0,\n\t\t\t\t\t\thideCaptionAtLimit:0,\n\t\t\t\t\t\thideAllCaptionAtLilmit:0,\n\t\t\t\t\t\tdebugMode:false,\n\t\t\t\t\t\tfallbacks: {\n\t\t\t\t\t\t\tsimplifyAll:\"off\",\n\t\t\t\t\t\t\tdisableFocusListener:false,\n\t\t\t\t\t\tpanZoomDisableOnMobile:\"on\",\n\t\t\t\t\t\t}\n\t\t\t\t\t});\n\t\t\t\t}\n\t\t\t});\t\/*ready*\/\n\t\t<\/script>\r\n\t\t<script>\r\n\t\t\t\t\tvar htmlDivCss = '\t#rev_slider_1_1_wrapper .tp-loader.spinner4 div { background-color: #FFFFFF !important; } ';\r\n\t\t\t\t\tvar htmlDiv = document.getElementById('rs-plugin-settings-inline-css');\r\n\t\t\t\t\tif(htmlDiv) {\r\n\t\t\t\t\t\thtmlDiv.innerHTML = htmlDiv.innerHTML + htmlDivCss;\r\n\t\t\t\t\t}\r\n\t\t\t\t\telse{\r\n\t\t\t\t\t\tvar htmlDiv = document.createElement('div');\r\n\t\t\t\t\t\thtmlDiv.innerHTML = '<style>' + htmlDivCss + '<\/style>';\r\n\t\t\t\t\t\tdocument.getElementsByTagName('head')[0].appendChild(htmlDiv.childNodes[0]);\r\n\t\t\t\t\t}\r\n\t\t\t\t\t<\/script>\r\n\t\t\t\t\t<\/div><!-- END REVOLUTION SLIDER -->[\/vc_column][\/vc_row][vc_row css=\u00a0\u00bb.vc_custom_1497626479836{margin-top: 0px !important;margin-bottom: 0px !important;padding-top: 0px !important;padding-bottom: 150px !important;}\u00a0\u00bb][vc_column css=\u00a0\u00bb.vc_custom_1507734647675{padding-top: 100px !important;padding-bottom: 100px !important;}\u00a0\u00bb]<div id=\"ultimate-heading-301369f211d3207c1\" class=\"uvc-heading ult-adjust-bottom-margin ultimate-heading-301369f211d3207c1 uvc-681 \" data-hspacer=\"no_spacer\"  data-halign=\"left\" style=\"text-align:left\"><div class=\"uvc-heading-spacer no_spacer\" style=\"top\"><\/div><div class=\"uvc-main-heading ult-responsive\"  data-ultimate-target='.uvc-heading.ultimate-heading-301369f211d3207c1 h2'  data-responsive-json-new='{\"font-size\":\"desktop:24px;\",\"line-height\":\"desktop:24px;\"}' ><h2 style=\"font-family:&#039;Roboto Condensed&#039;;font-weight:bold;color:#000000;margin-bottom:30px;\">MA BIOGRAPHIE<\/h2><\/div><div class=\"uvc-sub-heading ult-responsive\"  data-ultimate-target='.uvc-heading.ultimate-heading-301369f211d3207c1 .uvc-sub-heading '  data-responsive-json-new='{\"font-size\":\"desktop:20px;\",\"line-height\":\"desktop:36px;\"}'  style=\"font-family:&#039;Roboto Condensed&#039;;font-weight:300;color:#000000;margin-bottom:30px;\">N\u00e9e en France en 1981, Marie-Laure a \u00e9t\u00e9 influenc\u00e9e d\u00e8s son plus jeune \u00e2ge par les cultures et les paysages exotiques des pays dans lesquels elle a v\u00e9cu. Les d\u00e9cors de l\u2019Afrique (Congo, Gabon, Angola, Nigeria) ont marqu\u00e9 son enfance et la chaleur de son humanit\u00e9 reste l\u2019une de ses premi\u00e8res sources d\u2019inspiration.<\/p>\n<p>Sa passion pour la photo a m\u00fbri tout au long de ses voyages (Isra\u00ebl, Etats-Unis, Suisse) et sa cr\u00e9ativit\u00e9 a pu trouver un accomplissement gr\u00e2ce \u00e0 une solide formation de photographe \u00e0 l\u2019\u00e9cole \u00ab Icart Photo \u00bb de Paris dont elle sort dipl\u00f4m\u00e9e en 2003.<\/p>\n<p>Marie-Laure a ensuite d\u00e9velopp\u00e9 ses comp\u00e9tences et s\u2019est constitu\u00e9e une grande exp\u00e9rience dans le domaine de la photographie artistique \u00e0 travers de nombreuses expositions et la publication de ses \u0153uvres dans des magasines sp\u00e9cialis\u00e9s.<\/p>\n<p>En tant que photographe professionnelle ind\u00e9pendante \u00e0 Paris, elle travaille pour des agences de presse (Angeli, Stills&#8230;), pour la maison de disque Sony Music, des \u00e9missions de t\u00e9l\u00e9vision, sur des tournages de films et elle suit \u00e0 plusieurs reprises le festival de Cannes.<br \/>\nUn s\u00e9jour d\u2019un an aux Etats-Unis, \u00e0 New-York puis \u00e0 Los Angeles, lui a permis d\u2019acqu\u00e9rir une exp\u00e9rience de photographe international.<\/p>\n<p>Apr\u00e8s 5 ans d\u2019exp\u00e9rience en tant que photographe de mariage \u00e0 Z\u00fcrich, Marie-Laure poursuit actuellement sa carri\u00e8re \u00e0 Bruxelles.<\/div><\/div>[\/vc_column][vc_column width=\u00a0\u00bb1\/3&Prime;][vc_single_image image=\u00a0\u00bb10680&Prime; img_size=\u00a0\u00bbfull\u00a0\u00bb css=\u00a0\u00bb.vc_custom_1520589902507{margin-top: 0px !important;margin-bottom: 0px !important;padding-top: 0px !important;padding-bottom: 0px !important;}\u00a0\u00bb][\/vc_column][vc_column width=\u00a0\u00bb2\/3&Prime; css=\u00a0\u00bb.vc_custom_1497627349898{margin-right: 20px !important;margin-left: 20px !important;}\u00a0\u00bb]<div id=\"ultimate-heading-392369f211d320938\" class=\"uvc-heading ult-adjust-bottom-margin ultimate-heading-392369f211d320938 uvc-5289 \" data-hspacer=\"icon_only\"  data-halign=\"left\" style=\"text-align:left\"><div class=\"uvc-heading-spacer icon_only\" style=\"margin-bottom:40px;\"><div class=\"ult-just-icon-wrapper  \"><div class=\"align-icon\" style=\"text-align:left;\">\n<div class=\"aio-icon none \"  style=\"color:#dd6c6c;font-size:48px;\">\n\t<i class=\"Defaults-quote-left\"><\/i>\n<\/div><\/div><\/div><\/div><div class=\"uvc-sub-heading ult-responsive\"  data-ultimate-target='.uvc-heading.ultimate-heading-392369f211d320938 .uvc-sub-heading '  data-responsive-json-new='{\"font-size\":\"desktop:52px;tablet:42px;tablet_portrait:32px;mobile_landscape:20px;mobile:20px;\",\"line-height\":\"desktop:64px;tablet:54px;tablet_portrait:44px;mobile_landscape:34px;mobile:34px;\"}'  style=\"font-family:&#039;Roboto Condensed&#039;;font-weight:700;color:#000000;margin-bottom:20px;\"><span style=\"font-size: 28px;\">LA RICHESSE DE MES PHOTOS EST LE REFLET DE VOS \u00c9MOTIONS EN CE JOUR REMPLI DE JOIE ET D&rsquo;AMOUR.<\/span><\/div><\/div>[\/vc_column][\/vc_row][vc_row bg_type=\u00a0\u00bbimage\u00a0\u00bb parallax_style=\u00a0\u00bbvcpb-vz-jquery\u00a0\u00bb bg_image_new=\u00a0\u00bbid^10190|url^http:\/\/marielauremarciano.com\/mariage\/wp-content\/uploads\/2016\/05\/IMG_4212-redim01.jpg|caption^null|alt^null|title^IMG_4212-redim01|description^null\u00a0\u00bb bg_image_repeat=\u00a0\u00bbno-repeat\u00a0\u00bb parallax_sense=\u00a0\u00bb50&Prime; bg_override=\u00a0\u00bbex-full\u00a0\u00bb enable_overlay=\u00a0\u00bbenable_overlay_value\u00a0\u00bb overlay_color=\u00a0\u00bb#000000&Prime; overlay_pattern_opacity=\u00a0\u00bb15&Prime; css=\u00a0\u00bb.vc_custom_1507906325108{margin-top: 0px !important;margin-bottom: -80px !important;padding-top: 150px !important;padding-bottom: 150px !important;}\u00a0\u00bb][vc_column width=\u00a0\u00bb1\/4&Prime;][\/vc_column][vc_column width=\u00a0\u00bb2\/4&Prime;]<div id=\"ultimate-heading-70769f211d320963\" class=\"uvc-heading ult-adjust-bottom-margin ultimate-heading-70769f211d320963 uvc-1764 \" data-hspacer=\"no_spacer\"  data-halign=\"center\" style=\"text-align:center\"><div class=\"uvc-heading-spacer no_spacer\" style=\"top\"><\/div><div class=\"uvc-sub-heading ult-responsive\"  data-ultimate-target='.uvc-heading.ultimate-heading-70769f211d320963 .uvc-sub-heading '  data-responsive-json-new='{\"font-size\":\"desktop:30px;\",\"line-height\":\"desktop:44px;\"}'  style=\"font-family:&#039;Roboto Condensed&#039;;font-weight:300;color:#ffffff;margin-bottom:30px;\">Chaque mariage est unique, n\u2019h\u00e9sitez \u00e0 me faire part de vos envies pour le jour de votre mariage.<\/div><\/div><div class=\" ubtn-ctn-center \"><a class=\"ubtn-link ult-adjust-bottom-margin ubtn-center ubtn-normal \"  rel='' href = \"http:\/\/marielauremarciano.com\/mariage\/contact\/\" ><button type=\"button\" id=\"ubtn-1423\" class=\"ubtn ult-adjust-bottom-margin ult-responsive ubtn-normal ubtn-fade-bg  ulta-float  ubtn-center   tooltip-69f211d32098b\"  data-hover=\"#000000\" data-border-color=\"#ffffff\" data-bg=\"\" data-hover-bg=\"#ffffff\" data-border-hover=\"#ffffff\" data-shadow-hover=\"\" data-shadow-click=\"none\" data-shadow=\"\" data-shd-shadow=\"\"  data-ultimate-target='#ubtn-1423'  data-responsive-json-new='{\"font-size\":\"\",\"line-height\":\"\"}'  style=\"font-weight:normal;border-radius:0px;border-width:1px;border-color:#ffffff;border-style:solid;color: #ffffff;\"><span class=\"ubtn-hover\" style=\"background-color:#ffffff\"><\/span><span class=\"ubtn-data ubtn-text \" >Votre Demande<\/span><\/button><\/a><\/div>[\/vc_column][vc_column width=\u00a0\u00bb1\/4&Prime;][\/vc_column][\/vc_row]<\/p>\n<\/section>","protected":false},"excerpt":{"rendered":"<p>[vc_row css=\u00a0\u00bb.vc_custom_1463127016407{margin-top: 0px !important;margin-bottom: 0px !important;}\u00a0\u00bb][vc_column][\/vc_column][\/vc_row][vc_row css=\u00a0\u00bb.vc_custom_1497626479836{margin-top: 0px !important;margin-bottom: 0px !important;padding-top: 0px !important;padding-bottom: 150px !important;}\u00a0\u00bb][vc_column css=\u00a0\u00bb.vc_custom_1507734647675{padding-top: 100px !important;padding-bottom: 100px !important;}\u00a0\u00bb][\/vc_column][vc_column width=\u00a0\u00bb1\/3&Prime;][vc_single_image image=\u00a0\u00bb10680&Prime; img_size=\u00a0\u00bbfull\u00a0\u00bb css=\u00a0\u00bb.vc_custom_1520589902507{margin-top: 0px !important;margin-bottom: 0px !important;padding-top: 0px !important;padding-bottom: 0px !important;}\u00a0\u00bb][\/vc_column][vc_column width=\u00a0\u00bb2\/3&Prime; css=\u00a0\u00bb.vc_custom_1497627349898{margin-right: 20px !important;margin-left: 20px !important;}\u00a0\u00bb][\/vc_column][\/vc_row][vc_row bg_type=\u00a0\u00bbimage\u00a0\u00bb parallax_style=\u00a0\u00bbvcpb-vz-jquery\u00a0\u00bb bg_image_new=\u00a0\u00bbid^10190|url^http:\/\/marielauremarciano.com\/mariage\/wp-content\/uploads\/2016\/05\/IMG_4212-redim01.jpg|caption^null|alt^null|title^IMG_4212-redim01|description^null\u00a0\u00bb bg_image_repeat=\u00a0\u00bbno-repeat\u00a0\u00bb parallax_sense=\u00a0\u00bb50&Prime; bg_override=\u00a0\u00bbex-full\u00a0\u00bb enable_overlay=\u00a0\u00bbenable_overlay_value\u00a0\u00bb overlay_color=\u00a0\u00bb#000000&Prime; overlay_pattern_opacity=\u00a0\u00bb15&Prime; css=\u00a0\u00bb.vc_custom_1507906325108{margin-top: 0px !important;margin-bottom: -80px !important;padding-top: 150px !important;padding-bottom: 150px [&hellip;]<\/p>\n","protected":false},"author":1,"featured_media":0,"parent":0,"menu_order":0,"comment_status":"closed","ping_status":"closed","template":"","meta":[],"_links":{"self":[{"href":"https:\/\/marielauremarciano.com\/mariage\/wp-json\/wp\/v2\/pages\/9722"}],"collection":[{"href":"https:\/\/marielauremarciano.com\/mariage\/wp-json\/wp\/v2\/pages"}],"about":[{"href":"https:\/\/marielauremarciano.com\/mariage\/wp-json\/wp\/v2\/types\/page"}],"author":[{"embeddable":true,"href":"https:\/\/marielauremarciano.com\/mariage\/wp-json\/wp\/v2\/users\/1"}],"replies":[{"embeddable":true,"href":"https:\/\/marielauremarciano.com\/mariage\/wp-json\/wp\/v2\/comments?post=9722"}],"version-history":[{"count":53,"href":"https:\/\/marielauremarciano.com\/mariage\/wp-json\/wp\/v2\/pages\/9722\/revisions"}],"predecessor-version":[{"id":10708,"href":"https:\/\/marielauremarciano.com\/mariage\/wp-json\/wp\/v2\/pages\/9722\/revisions\/10708"}],"wp:attachment":[{"href":"https:\/\/marielauremarciano.com\/mariage\/wp-json\/wp\/v2\/media?parent=9722"}],"curies":[{"name":"wp","href":"https:\/\/api.w.org\/{rel}","templated":true}]}}